{"id":320,"date":"2023-05-29T12:40:28","date_gmt":"2023-05-29T12:40:28","guid":{"rendered":"https:\/\/hysafe.info\/ichs2023\/?page_id=320"},"modified":"2023-06-12T13:41:16","modified_gmt":"2023-06-12T13:41:16","slug":"terms_conditions","status":"publish","type":"page","link":"https:\/\/hysafe.info\/ichs2023\/terms_conditions\/","title":{"rendered":"Terms and Conditions"},"content":{"rendered":"\n<div style=\"height:30px\" aria-hidden=\"true\" class=\"wp-block-spacer\"><\/div>\n\n\n\n<h4 class=\"wp-block-heading\">Conference fees<\/h4>\n\n\n\n<figure class=\"wp-block-table is-style-stripes\"><table><tbody><tr><td><strong>Full registration fee<\/strong><\/td><td>Early bird for Hysafe members<\/td><td class=\"has-text-align-right\" data-align=\"right\">\u20ac 720<\/td><td class=\"has-text-align-right\" data-align=\"right\">$ 770<\/td><td class=\"has-text-align-right\" data-align=\"right\">C$ 1050<\/td><\/tr><tr><td><mark style=\"background-color:rgba(0, 0, 0, 0)\" class=\"has-inline-color has-accent-2-color\">(Early bird deadline is July, 31<sup>st)<\/sup><\/mark><\/td><td>Early bird for non-Hysafe members<\/td><td class=\"has-text-align-right\" data-align=\"right\">\u20ac 960<\/td><td class=\"has-text-align-right\" data-align=\"right\">$ 1025<\/td><td class=\"has-text-align-right\" data-align=\"right\">C$ 1400<\/td><\/tr><tr><td><\/td><td>Standard for members &amp; non-members<\/td><td class=\"has-text-align-right\" data-align=\"right\">\u20ac 1150<\/td><td class=\"has-text-align-right\" data-align=\"right\">$ 1230<\/td><td class=\"has-text-align-right\" data-align=\"right\">C$ 1675<\/td><\/tr><tr><td><strong>Students fee<\/strong><\/td><td>Early bird\/Standard<\/td><td class=\"has-text-align-right\" data-align=\"right\">\u20ac 125<\/td><td class=\"has-text-align-right\" data-align=\"right\">$ 135<\/td><td class=\"has-text-align-right\" data-align=\"right\">C$ 185<\/td><\/tr><tr><td><strong>Additional gala dinner ticket<\/strong><\/td><td><\/td><td class=\"has-text-align-right\" data-align=\"right\">\u20ac 60<\/td><td class=\"has-text-align-right\" data-align=\"right\">$ 65<\/td><td class=\"has-text-align-right\" data-align=\"right\">C$ 90<\/td><\/tr><\/tbody><\/table><\/figure>\n\n\n\n<h4 class=\"wp-block-heading\">Photo and video statement<\/h4>\n\n\n\n<p>Registering to the conference you authorize the International Association HySafe (HySafe), the Universit\u00e9 du Qu\u00e9bec \u00e0 Trois-Rivi\u00e8res (UQTR) and the event\u2019s partners, including the Government of Quebec, to take photos and videos during the ICHS 2023 conference activities on which you may appear, to reproduce them and to disseminate them on their websites, social media or any other printed or electronic communication medium of their choice,&nbsp;for promotional, informational or educational purposes. You also authorize HySafe and the UQTR to share these photos and videos with the event&#8217;s partners who may also broadcast them publicly for the same purpose.<\/p>\n\n\n\n<h4 class=\"wp-block-heading\">Registration inclusions<\/h4>\n\n\n\n<p>In addition to the conference and technical sessions, registration includes entry to:<\/p>\n\n\n\n<ul class=\"wp-block-list\"><li>opening ceremony<\/li><li>welcome reception<\/li><li>gala dinner<\/li><li>exhibition<\/li><li>lunches<\/li><li>coffee breaks.<\/li><\/ul>\n\n\n\n<p>Additional people may attend the gala dinner by purchasing an additional gala dinner ticket.<\/p>\n\n\n\n<h4 class=\"wp-block-heading\">Student requirements<\/h4>\n\n\n\n<p>Only PhD students are eligible for student pricing.<br>All students are expected to present their Student ID card as proof of identity when picking up their registration kits at the registration desk.<br><strong>Please note that student registration does not include ticket for Gala Dinner.<\/strong><\/p>\n\n\n\n<h4 class=\"wp-block-heading\">Other fees and expenses<\/h4>\n\n\n\n<p>Accommodation, travel expenses and travel visas are not included in the registration fee and are the responsibility of the delegate.<\/p>\n\n\n\n<h4 class=\"wp-block-heading\">Cancellation and refund policy<\/h4>\n\n\n\n<p>Full refund is available until July, 31<sup>st<\/sup> .<\/p>\n\n\n\n<h4 class=\"wp-block-heading\">Registration<\/h4>\n\n\n\n<p>To register, click here to <\/p>\n\n\n\n<div class=\"wp-block-buttons is-content-justification-center is-layout-flex wp-container-core-buttons-is-layout-16018d1d wp-block-buttons-is-layout-flex\">\n<div class=\"wp-block-button is-style-fill\"><a class=\"wp-block-button__link has-accent-1-background-color has-background\" href=\"https:\/\/hysafe.info\/ichs2023\/my-account\/\" style=\"border-radius:0px\" rel=\"https:\/\/hysafe.info\/ichs2023\/my-account\/\">LOG IN AND REGISTER<\/a><\/div>\n<\/div>\n","protected":false},"excerpt":{"rendered":"<p>Conference fees Full registration fee Early bird for Hysafe members \u20ac 720 $ 770 C$ 1050 (Early bird deadline is July, 31st) Early bird for non-Hysafe members \u20ac 960 $ 1025 C$ 1400 Standard for members &amp; non-members \u20ac 1150 $ 1230 C$ 1675 Students fee Early bird\/Standard \u20ac 125 &hellip;<\/p>\n","protected":false},"author":1,"featured_media":0,"parent":0,"menu_order":0,"comment_status":"closed","ping_status":"closed","template":"","meta":{"_uag_custom_page_level_css":"","footnotes":""},"class_list":["post-320","page","type-page","status-publish","hentry"],"uagb_featured_image_src":{"full":false,"thumbnail":false,"medium":false,"medium_large":false,"large":false,"1536x1536":false,"2048x2048":false,"post-thumbnail":false,"fluida-featured":false,"fluida-featured-lp":false,"fluida-featured-half":false,"fluida-featured-third":false,"fluida-header":false,"fluida-lpbox-1":false,"fluida-lpbox-2":false,"woocommerce_thumbnail":false,"woocommerce_single":false,"woocommerce_gallery_thumbnail":false},"uagb_author_info":{"display_name":"admin","author_link":"https:\/\/hysafe.info\/ichs2023\/author\/admin\/"},"uagb_comment_info":0,"uagb_excerpt":"Conference fees Full registration fee Early bird for Hysafe members \u20ac 720 $ 770 C$ 1050 (Early bird deadline is July, 31st) Early bird for non-Hysafe members \u20ac 960 $ 1025 C$ 1400 Standard for members &amp; non-members \u20ac 1150 $ 1230 C$ 1675 Students fee Early bird\/Standard \u20ac 125 &hellip;","_links":{"self":[{"href":"https:\/\/hysafe.info\/ichs2023\/wp-json\/wp\/v2\/pages\/320","targetHints":{"allow":["GET"]}}],"collection":[{"href":"https:\/\/hysafe.info\/ichs2023\/wp-json\/wp\/v2\/pages"}],"about":[{"href":"https:\/\/hysafe.info\/ichs2023\/wp-json\/wp\/v2\/types\/page"}],"author":[{"embeddable":true,"href":"https:\/\/hysafe.info\/ichs2023\/wp-json\/wp\/v2\/users\/1"}],"replies":[{"embeddable":true,"href":"https:\/\/hysafe.info\/ichs2023\/wp-json\/wp\/v2\/comments?post=320"}],"version-history":[{"count":30,"href":"https:\/\/hysafe.info\/ichs2023\/wp-json\/wp\/v2\/pages\/320\/revisions"}],"predecessor-version":[{"id":598,"href":"https:\/\/hysafe.info\/ichs2023\/wp-json\/wp\/v2\/pages\/320\/revisions\/598"}],"wp:attachment":[{"href":"https:\/\/hysafe.info\/ichs2023\/wp-json\/wp\/v2\/media?parent=320"}],"curies":[{"name":"wp","href":"https:\/\/api.w.org\/{rel}","templated":true}]}}